{"id":3174,"date":"2023-02-23T13:53:49","date_gmt":"2023-02-23T13:53:49","guid":{"rendered":"https:\/\/arolabumh.zeus.umh.es\/?page_id=3174"},"modified":"2023-02-23T13:53:57","modified_gmt":"2023-02-23T13:53:57","slug":"projects","status":"publish","type":"page","link":"https:\/\/arolabumh.umh.es\/en\/projects\/","title":{"rendered":"Projects"},"content":{"rendered":"<p>[et_pb_section fb_built=&#8221;1&#8243; _builder_version=&#8221;4.17.4&#8243; _module_preset=&#8221;default&#8221; global_colors_info=&#8221;{}&#8221;][et_pb_row _builder_version=&#8221;4.17.4&#8243; _module_preset=&#8221;default&#8221; global_colors_info=&#8221;{}&#8221;][et_pb_column type=&#8221;4_4&#8243; _builder_version=&#8221;4.17.4&#8243; _module_preset=&#8221;default&#8221; global_colors_info=&#8221;{}&#8221;][et_pb_text _builder_version=&#8221;4.17.4&#8243; _module_preset=&#8221;default&#8221; header_font=&#8221;|700|||||||&#8221; header_text_color=&#8221;#000000&#8243; hover_enabled=&#8221;0&#8243; global_colors_info=&#8221;{}&#8221; sticky_enabled=&#8221;0&#8243;]<\/p>\n<h1>Projects<\/h1>\n<p>[\/et_pb_text][et_pb_text _builder_version=&#8221;4.17.4&#8243; _module_preset=&#8221;default&#8221; text_text_color=&#8221;#000000&#8243; text_font_size=&#8221;16px&#8221; text_orientation=&#8221;justified&#8221; hover_enabled=&#8221;0&#8243; global_colors_info=&#8221;{}&#8221; sticky_enabled=&#8221;0&#8243;]<\/p>\n<p><img loading=\"lazy\" class=\"wp-image-193 alignleft size-medium\" style=\"float: left;\" src=\"http:\/\/arolabumh.zeus.umh.es\/files\/2016\/04\/wordcloud-e1488473468378.png\" alt=\"AROLAB -Laboratory of adventitious rooting and organogenesis\" width=\"300\" height=\"225\" \/>Our previous results on the characterization of adventitious root formation in three phylogenetically-distant dicotyledonous (Arabidopsis, tomato and carnation) revealed the central role of hormonal regulation and suggested the existence of common genetic mechanisms. However, our knowledge about the eventual conservation of the gene regulatory networks that control the formation of adventitious roots in non-model species is quite limited.<\/p>\n<p>In our lab, we have initiated the histological, physiological and molecular characterization of adventitious root formation in several tomato mutants and will expand our studies to a collection of commercial varieties, wild species and introgression lines.<\/p>\n<p>Using the molecular tools that have been generated previously in our lab, we will initiate the genetic analysis of adventitious root formation in carnation to identify loci involved in the observed differences in a mapping population derived from a cross between two varieties with antagonistic responses during the rooting of stem cuttings.<\/p>\n<p>[\/et_pb_text][\/et_pb_column][\/et_pb_row][et_pb_row column_structure=&#8221;1_3,1_3,1_3&#8243; make_equal=&#8221;on&#8221; _builder_version=&#8221;4.17.4&#8243; _module_preset=&#8221;default&#8221; global_colors_info=&#8221;{}&#8221;][et_pb_column type=&#8221;1_3&#8243; _builder_version=&#8221;4.17.4&#8243; _module_preset=&#8221;default&#8221; global_colors_info=&#8221;{}&#8221;][et_pb_image src=&#8221;http:\/\/arolabumh.zeus.umh.es\/files\/2023\/02\/Series024_z01.png&#8221; title_text=&#8221;Series024_z01&#8243; show_in_lightbox=&#8221;on&#8221; _builder_version=&#8221;4.17.4&#8243; _module_preset=&#8221;default&#8221; height=&#8221;300px&#8221; border_width_all=&#8221;3px&#8221; border_color_all=&#8221;#587b01&#8243; global_colors_info=&#8221;{}&#8221;][\/et_pb_image][\/et_pb_column][et_pb_column type=&#8221;1_3&#8243; _builder_version=&#8221;4.17.4&#8243; _module_preset=&#8221;default&#8221; global_colors_info=&#8221;{}&#8221;][et_pb_image src=&#8221;http:\/\/arolabumh.zeus.umh.es\/files\/2017\/03\/641413wt2-e1488805343225.jpg&#8221; alt=&#8221;AROLAB -Laboratory of adventitious rooting and organogenesis&#8221; title_text=&#8221;AROLAB -Laboratory of adventitious rooting and organogenesis&#8221; show_in_lightbox=&#8221;on&#8221; _builder_version=&#8221;4.17.4&#8243; _module_preset=&#8221;default&#8221; height=&#8221;300px&#8221; border_width_all=&#8221;3px&#8221; border_color_all=&#8221;#587b01&#8243; global_colors_info=&#8221;{}&#8221;][\/et_pb_image][\/et_pb_column][et_pb_column type=&#8221;1_3&#8243; _builder_version=&#8221;4.17.4&#8243; _module_preset=&#8221;default&#8221; global_colors_info=&#8221;{}&#8221;][et_pb_image src=&#8221;http:\/\/arolabumh.zeus.umh.es\/files\/2016\/04\/research_main.jpg&#8221; alt=&#8221;AROLAB -Laboratory of adventitious rooting and organogenesis&#8221; title_text=&#8221;AROLAB -Laboratory of adventitious rooting and organogenesis&#8221; show_in_lightbox=&#8221;on&#8221; _builder_version=&#8221;4.17.4&#8243; _module_preset=&#8221;default&#8221; height=&#8221;300px&#8221; border_width_all=&#8221;3px&#8221; border_color_all=&#8221;#587b01&#8243; global_colors_info=&#8221;{}&#8221;][\/et_pb_image][\/et_pb_column][\/et_pb_row][et_pb_row _builder_version=&#8221;4.17.4&#8243; _module_preset=&#8221;default&#8221; global_colors_info=&#8221;{}&#8221;][et_pb_column type=&#8221;4_4&#8243; _builder_version=&#8221;4.17.4&#8243; _module_preset=&#8221;default&#8221; global_colors_info=&#8221;{}&#8221;][et_pb_text _builder_version=&#8221;4.17.4&#8243; _module_preset=&#8221;default&#8221; hover_enabled=&#8221;0&#8243; custom_css_main_element=&#8221;overflow-x: auto;&#8221; global_colors_info=&#8221;{}&#8221; sticky_enabled=&#8221;0&#8243;]<\/p>\n<table id=\"tablepress-4\" class=\"tablepress tablepress-id-4\">\n<thead>\n<tr class=\"row-1 odd\" bgcolor=\"#587b01\">\n<th class=\"column-1\" style=\"font-size: 16px;\">\n<div><span style=\"color: #ffffff;\">Duration<\/span><\/div>\n<\/th>\n<th class=\"column-2\" style=\"font-size: 16px;\">\n<div><span style=\"color: #ffffff;\">Project title<\/span><\/div>\n<\/th>\n<th class=\"column-3\" style=\"font-size: 16px;\">\n<div><span style=\"color: #ffffff;\">Reference<\/span><\/div>\n<\/th>\n<th class=\"column-4\" style=\"font-size: 16px;\">\n<div><span style=\"color: #ffffff;\">Funding entity<\/span><\/div>\n<\/th>\n<\/tr>\n<\/thead>\n<tbody class=\"row-hover\">\n<tr class=\"row-3 odd\">\n<td class=\"column-1\" style=\"font-size: 15px;\">2021<span style=\"color: #ffffff;\">.<\/span>&#8211;<span style=\"color: #ffffff;\">.<\/span>2019<\/td>\n<td class=\"column-2\" style=\"font-size: 16px;\">Characterization of new regulators of adventitious root formation: function of histone demethylase LSD1 in spatial regulation of auxin responses<\/td>\n<td class=\"column-3\" style=\"font-size: 15px;\"><a href=\"https:\/\/drive.google.com\/open?id=1q1FpB6s_GJmzWjGhU7btBqMIpOLFhb0p\" target=\"_blank\" rel=\"noopener\"><span style=\"text-decoration: underline;\">RTI2018-096505-B-I00<\/span><\/a><\/td>\n<td><img loading=\"lazy\" class=\"wp-image-592 alignnone size-medium\" src=\"http:\/\/arolabumh.zeus.umh.es\/files\/2017\/02\/Logotipo_del_Ministerio_de_Economia_y_Competitividad-300x72.png\" alt=\"AROLAB -Laboratory of adventitious rooting and organogenesis\" width=\"300\" height=\"72\" \/><\/td>\n<\/tr>\n<tr class=\"row-3 odd\">\n<td class=\"column-1\" style=\"font-size: 15px;\">2018<span style=\"color: #ffffff;\">.<\/span>&#8211;<span style=\"color: #ffffff;\">.<\/span>2016<\/td>\n<td class=\"column-2\" style=\"font-size: 16px;\">Comparative genomics of adventitious root formation in tomato and carnation<\/td>\n<td class=\"column-3\" style=\"font-size: 15px;\"><span style=\"text-decoration: underline;\"><a href=\"https:\/\/drive.google.com\/open?id=1q1FpB6s_GJmzWjGhU7btBqMIpOLFhb0p\" target=\"_blank\" rel=\"noopener\">BIO2015-64255-R<\/a><\/span><\/td>\n<td><img loading=\"lazy\" class=\"wp-image-592 alignnone size-medium\" src=\"http:\/\/arolabumh.zeus.umh.es\/files\/2017\/02\/Logotipo_del_Ministerio_de_Economia_y_Competitividad-300x72.png\" alt=\"AROLAB -Laboratory of adventitious rooting and organogenesis\" width=\"300\" height=\"72\" \/><\/td>\n<\/tr>\n<tr class=\"row-2 even\">\n<td class=\"column-1\" style=\"font-size: 15px;\">2015<span style=\"color: #ffffff;\">.<\/span>&#8211;<span style=\"color: #ffffff;\">.<\/span>2013<\/td>\n<td class=\"column-2\" style=\"font-size: 16px;\">Hormonal and genetic\u00a0regulation of adventitious root\u00a0formation<\/td>\n<td class=\"column-3\" style=\"font-size: 15px;\"><span style=\"text-decoration: underline;\"><a href=\"https:\/\/drive.google.com\/file\/d\/1PxlpXJeSekM4S7l0CLUsXCl7dbdGGr8U\/view?usp=sharing\" target=\"_blank\" rel=\"noopener\">AGL2012-33610<\/a><\/span><\/td>\n<td><img loading=\"lazy\" class=\"wp-image-592 alignnone size-medium\" src=\"http:\/\/arolabumh.zeus.umh.es\/files\/2017\/02\/Logotipo_del_Ministerio_de_Economia_y_Competitividad-300x72.png\" alt=\"AROLAB -Laboratory of adventitious rooting and organogenesis\" width=\"300\" height=\"72\" \/><\/td>\n<\/tr>\n<\/tbody>\n<\/table>\n<p>[\/et_pb_text][\/et_pb_column][\/et_pb_row][\/et_pb_section]<\/p>\n","protected":false},"excerpt":{"rendered":"<p>ProjectsOur previous results on the characterization of adventitious root formation in three phylogenetically-distant dicotyledonous (Arabidopsis, tomato and carnation) revealed the central role of hormonal regulation and suggested the existence of common genetic mechanisms. However, our knowledge about the eventual conservation of the gene regulatory networks that control the formation of adventitious roots in non-model species [&hellip;]<\/p>\n","protected":false},"author":23459,"featured_media":0,"parent":0,"menu_order":0,"comment_status":"closed","ping_status":"closed","template":"","meta":{"_et_pb_use_builder":"on","_et_pb_old_content":"<p>[et_pb_section fb_built=\"1\" _builder_version=\"4.17.4\" _module_preset=\"default\" global_colors_info=\"{}\"][et_pb_row _builder_version=\"4.17.4\" _module_preset=\"default\" global_colors_info=\"{}\"][et_pb_column type=\"4_4\" _builder_version=\"4.17.4\" _module_preset=\"default\" global_colors_info=\"{}\"][et_pb_text _builder_version=\"4.17.4\" _module_preset=\"default\" header_font=\"|700|||||||\" header_text_color=\"#000000\" global_colors_info=\"{}\"]<\/p><h1>Proyectos<\/h1><p>[\/et_pb_text][et_pb_text _builder_version=\"4.17.4\" _module_preset=\"default\" text_text_color=\"#000000\" text_font_size=\"16px\" text_orientation=\"justified\" global_colors_info=\"{}\"]<img class=\"wp-image-193 alignleft size-medium\" style=\"float: left;\" src=\"http:\/\/arolabumh.zeus.umh.es\/files\/2016\/04\/wordcloud-e1488473468378.png\" alt=\"AROLAB -Laboratory of adventitious rooting and organogenesis\" width=\"300\" height=\"225\" \/>Nuestros resultados sobre la caracterizaci\u00f3n del proceso de formaci\u00f3n de ra\u00edces adventicias en tres dicotiled\u00f3neas, filogen\u00e9ticamente tan alejadas como Arabidopsis, tomate y clavel, revelan el papel central de la regulaci\u00f3n hormonal en el control de este proceso y sugieren la existencia de algunos mecanismos gen\u00e9ticos comunes. A pesar de ello, nuestro conocimiento acerca de la eventual conservaci\u00f3n de las redes de regulaci\u00f3n g\u00e9nica que controlan la formaci\u00f3n de ra\u00edces adventicias en especies no modelo es limitada.<\/p><p>En el laboratorio hemos iniciado la caracterizaci\u00f3n histol\u00f3gica, fisiol\u00f3gica y molecular de la formaci\u00f3n de ra\u00edces adventicias en mutantes de tomate y estamos ampliando nuestros estudios a una colecci\u00f3n de variedades comerciales, especies silvestres y l\u00edneas de introgresi\u00f3n.<\/p><p>Utilizando las herramientas moleculares generadas previamente en el laboratorio, hemos iniciado el an\u00e1lisis gen\u00e9tico de la formaci\u00f3n de ra\u00edces adventicias en esquejes de clavel para la identificaci\u00f3n de\u00a0<em>loci<\/em>\u00a0implicados en las diferencias observadas en una poblaci\u00f3n cartogr\u00e1fica derivada del cruzamiento de dos variedades con respuestas antag\u00f3nicas durante el enraizamiento de esquejes.[\/et_pb_text][\/et_pb_column][\/et_pb_row][et_pb_row column_structure=\"1_3,1_3,1_3\" make_equal=\"on\" _builder_version=\"4.17.4\" _module_preset=\"default\" global_colors_info=\"{}\"][et_pb_column type=\"1_3\" _builder_version=\"4.17.4\" _module_preset=\"default\" global_colors_info=\"{}\"][et_pb_image src=\"http:\/\/arolabumh.zeus.umh.es\/files\/2023\/02\/Series024_z01.png\" title_text=\"Series024_z01\" show_in_lightbox=\"on\" _builder_version=\"4.17.4\" _module_preset=\"default\" height=\"300px\" border_width_all=\"3px\" border_color_all=\"#587b01\" global_colors_info=\"{}\"][\/et_pb_image][\/et_pb_column][et_pb_column type=\"1_3\" _builder_version=\"4.17.4\" _module_preset=\"default\" global_colors_info=\"{}\"][et_pb_image src=\"http:\/\/arolabumh.zeus.umh.es\/files\/2017\/03\/641413wt2-e1488805343225.jpg\" alt=\"AROLAB -Laboratory of adventitious rooting and organogenesis\" title_text=\"AROLAB -Laboratory of adventitious rooting and organogenesis\" show_in_lightbox=\"on\" _builder_version=\"4.17.4\" _module_preset=\"default\" height=\"300px\" border_width_all=\"3px\" border_color_all=\"#587b01\" global_colors_info=\"{}\"][\/et_pb_image][\/et_pb_column][et_pb_column type=\"1_3\" _builder_version=\"4.17.4\" _module_preset=\"default\" global_colors_info=\"{}\"][et_pb_image src=\"http:\/\/arolabumh.zeus.umh.es\/files\/2016\/04\/research_main.jpg\" alt=\"AROLAB -Laboratory of adventitious rooting and organogenesis\" title_text=\"AROLAB -Laboratory of adventitious rooting and organogenesis\" show_in_lightbox=\"on\" _builder_version=\"4.17.4\" _module_preset=\"default\" height=\"300px\" border_width_all=\"3px\" border_color_all=\"#587b01\" global_colors_info=\"{}\"][\/et_pb_image][\/et_pb_column][\/et_pb_row][et_pb_row _builder_version=\"4.17.4\" _module_preset=\"default\" global_colors_info=\"{}\"][et_pb_column type=\"4_4\" _builder_version=\"4.17.4\" _module_preset=\"default\" global_colors_info=\"{}\"][et_pb_text _builder_version=\"4.17.4\" _module_preset=\"default\" hover_enabled=\"0\" global_colors_info=\"{}\" sticky_enabled=\"0\" custom_css_main_element=\"overflow-x: auto;\"]<\/p><table id=\"tablepress-4\" class=\"tablepress tablepress-id-4\"><thead><tr class=\"row-1 odd\" bgcolor=\"#587b01\"><th class=\"column-1\" style=\"font-size: 16px;\"><div><span style=\"color: #ffffff;\">Duraci\u00f3n<\/span><\/div><\/th><th class=\"column-2\" style=\"font-size: 16px;\"><div><span style=\"color: #ffffff;\">T\u00edtulo del proyecto<\/span><\/div><\/th><th class=\"column-3\" style=\"font-size: 16px;\"><div><span style=\"color: #ffffff;\">Referencia<\/span><\/div><\/th><th class=\"column-4\" style=\"font-size: 16px;\"><div><span style=\"color: #ffffff;\">Entidad Financiadora<\/span><\/div><\/th><\/tr><\/thead><tbody class=\"row-hover\"><tr class=\"row-3 odd\"><td class=\"column-1\" style=\"font-size: 15px;\">2021<span style=\"color: #ffffff;\">.<\/span>-<span style=\"color: #ffffff;\">.<\/span>2019<\/td><td class=\"column-2\" style=\"font-size: 16px;\">Caracterizaci\u00f3n de nuevos reguladores de la formaci\u00f3n de ra\u00edces adventicias: funci\u00f3n de la demetilasa de histonas LSD1 en la regulaci\u00f3n de la respuesta a las auxinas<\/td><td class=\"column-3\" style=\"font-size: 15px;\"><a href=\"https:\/\/drive.google.com\/open?id=1q1FpB6s_GJmzWjGhU7btBqMIpOLFhb0p\" target=\"_blank\" rel=\"noopener\"><span style=\"text-decoration: underline;\">RTI2018-096505-B-I00<\/span><\/a><\/td><td><img class=\"wp-image-592 alignnone size-medium\" src=\"http:\/\/arolabumh.zeus.umh.es\/files\/2017\/02\/Logotipo_del_Ministerio_de_Economia_y_Competitividad-300x72.png\" alt=\"AROLAB -Laboratory of adventitious rooting and organogenesis\" width=\"300\" height=\"72\" \/><\/td><\/tr><tr class=\"row-3 odd\"><td class=\"column-1\" style=\"font-size: 15px;\">2018<span style=\"color: #ffffff;\">.<\/span>-<span style=\"color: #ffffff;\">.<\/span>2016<\/td><td class=\"column-2\" style=\"font-size: 16px;\">Gen\u00f3mica comparada de la formaci\u00f3n<br \/>de ra\u00edces adventicias en tomate y clavel<\/td><td class=\"column-3\" style=\"font-size: 15px;\"><span style=\"text-decoration: underline;\"><a href=\"https:\/\/drive.google.com\/open?id=1q1FpB6s_GJmzWjGhU7btBqMIpOLFhb0p\" target=\"_blank\" rel=\"noopener\">BIO2015-64255-R<\/a><\/span><\/td><td><img class=\"wp-image-592 alignnone size-medium\" src=\"http:\/\/arolabumh.zeus.umh.es\/files\/2017\/02\/Logotipo_del_Ministerio_de_Economia_y_Competitividad-300x72.png\" alt=\"AROLAB -Laboratory of adventitious rooting and organogenesis\" width=\"300\" height=\"72\" \/><\/td><\/tr><tr class=\"row-2 even\"><td class=\"column-1\" style=\"font-size: 15px;\">2015<span style=\"color: #ffffff;\">.<\/span>-<span style=\"color: #ffffff;\">.<\/span>2013<\/td><td class=\"column-2\" style=\"font-size: 16px;\">Requisitos hormonales y gen\u00e9ticos<br \/>de la formaci\u00f3n de ra\u00edces adventicias<\/td><td class=\"column-3\" style=\"font-size: 15px;\"><span style=\"text-decoration: underline;\"><a href=\"https:\/\/drive.google.com\/file\/d\/1PxlpXJeSekM4S7l0CLUsXCl7dbdGGr8U\/view?usp=sharing\" target=\"_blank\" rel=\"noopener\">AGL2012-33610<\/a><\/span><\/td><td><img class=\"wp-image-592 alignnone size-medium\" src=\"http:\/\/arolabumh.zeus.umh.es\/files\/2017\/02\/Logotipo_del_Ministerio_de_Economia_y_Competitividad-300x72.png\" alt=\"AROLAB -Laboratory of adventitious rooting and organogenesis\" width=\"300\" height=\"72\" \/><\/td><\/tr><\/tbody><\/table><p>[\/et_pb_text][\/et_pb_column][\/et_pb_row][\/et_pb_section]<\/p>","_et_gb_content_width":"","_links_to":"","_links_to_target":""},"_links":{"self":[{"href":"https:\/\/arolabumh.umh.es\/en\/wp-json\/wp\/v2\/pages\/3174"}],"collection":[{"href":"https:\/\/arolabumh.umh.es\/en\/wp-json\/wp\/v2\/pages"}],"about":[{"href":"https:\/\/arolabumh.umh.es\/en\/wp-json\/wp\/v2\/types\/page"}],"author":[{"embeddable":true,"href":"https:\/\/arolabumh.umh.es\/en\/wp-json\/wp\/v2\/users\/23459"}],"replies":[{"embeddable":true,"href":"https:\/\/arolabumh.umh.es\/en\/wp-json\/wp\/v2\/comments?post=3174"}],"version-history":[{"count":0,"href":"https:\/\/arolabumh.umh.es\/en\/wp-json\/wp\/v2\/pages\/3174\/revisions"}],"wp:attachment":[{"href":"https:\/\/arolabumh.umh.es\/en\/wp-json\/wp\/v2\/media?parent=3174"}],"curies":[{"name":"wp","href":"https:\/\/api.w.org\/{rel}","templated":true}]}}