{"id":3214,"date":"2023-02-24T08:04:11","date_gmt":"2023-02-24T08:04:11","guid":{"rendered":"https:\/\/arolabumh.zeus.umh.es\/?page_id=3214"},"modified":"2023-02-24T08:04:18","modified_gmt":"2023-02-24T08:04:18","slug":"teaching","status":"publish","type":"page","link":"https:\/\/arolabumh.umh.es\/en\/teaching\/","title":{"rendered":"Teaching"},"content":{"rendered":"<p>[et_pb_section fb_built=&#8221;1&#8243; _builder_version=&#8221;4.17.4&#8243; _module_preset=&#8221;default&#8221; background_image=&#8221;http:\/\/arolabumh.zeus.umh.es\/files\/2016\/04\/IMG_94123-e1488470466557.jpg&#8221; height=&#8221;335px&#8221; global_colors_info=&#8221;{}&#8221;][\/et_pb_section][et_pb_section fb_built=&#8221;1&#8243; _builder_version=&#8221;4.17.4&#8243; _module_preset=&#8221;default&#8221; global_colors_info=&#8221;{}&#8221;][et_pb_row _builder_version=&#8221;4.17.4&#8243; _module_preset=&#8221;default&#8221; global_colors_info=&#8221;{}&#8221;][et_pb_column type=&#8221;4_4&#8243; _builder_version=&#8221;4.17.4&#8243; _module_preset=&#8221;default&#8221; global_colors_info=&#8221;{}&#8221;][et_pb_text _builder_version=&#8221;4.17.4&#8243; _module_preset=&#8221;default&#8221; header_font=&#8221;|700|||||||&#8221; header_text_color=&#8221;#000000&#8243; hover_enabled=&#8221;0&#8243; global_colors_info=&#8221;{}&#8221; sticky_enabled=&#8221;0&#8243;]<\/p>\n<h1>Teaching<\/h1>\n<p>[\/et_pb_text][et_pb_text _builder_version=&#8221;4.17.4&#8243; _module_preset=&#8221;default&#8221; text_text_color=&#8221;#000000&#8243; text_font_size=&#8221;16px&#8221; text_orientation=&#8221;justified&#8221; hover_enabled=&#8221;0&#8243; global_colors_info=&#8221;{}&#8221; sticky_enabled=&#8221;0&#8243;]<\/p>\n<h3><strong>Jos\u00e9 Manuel P\u00e9rez P\u00e9rez<\/strong><\/h3>\n<p>Since 2019, I am\u00a0<strong>Full Professor of Genetics<\/strong>\u00a0at the\u00a0<a href=\"https:\/\/www.umh.es\/contenido\/Investigacion\/:uor_105\/datos_en.html\" target=\"_blank\" rel=\"noopener\">Department of Applied Biology<\/a>\u00a0of the Universidad Miguel Hern\u00e1ndez de Elche.<\/p>\n<p>There, I am teaching several Genetics courses to undergraduate students of the\u00a0Bachelor\u2019s in\u00a0<a href=\"https:\/\/www.umh.es\/contenido\/Estudios\/:tit_g_135_O1_CSig\/datos_en.html\" target=\"_blank\" rel=\"noopener\">Biotechnology<\/a>\u00a0and\u00a0<a href=\"https:\/\/www.umh.es\/contenido\/Estudios\/:tit_g_253_O1_CSig\/datos_en.html\" target=\"_blank\" rel=\"noopener\">Environmental Science<\/a>. I also participate in the\u00a0<a href=\"https:\/\/www.master-biotecnologia-bioingenieria.umh.es\/?lang=en\" target=\"_blank\" rel=\"noopener\">Master in Biotechnology and Bioengineering<\/a>\u00a0and in the\u00a0<a href=\"http:\/\/doctoradobioingenieria.edu.umh.es\/\" target=\"_blank\" rel=\"noopener\">Doctoral Program in Bioengineering<\/a>.<\/p>\n<p>In turn, I am in charge of organizing and teaching the \u201cPlant Molecular Biotechnology\u201d course in the last year of the Degree in Biotechnology.<\/p>\n<p><a href=\"https:\/\/umh.edu.es\/contenido\/Universidad\/:persona_5146\/datos_en.html\" target=\"_blank\" rel=\"noopener\">Here is the link to my teaching assignments<\/a>.<\/p>\n<p>[\/et_pb_text][\/et_pb_column][\/et_pb_row][et_pb_row column_structure=&#8221;1_3,1_3,1_3&#8243; _builder_version=&#8221;4.17.4&#8243; _module_preset=&#8221;default&#8221; global_colors_info=&#8221;{}&#8221;][et_pb_column type=&#8221;1_3&#8243; _builder_version=&#8221;4.17.4&#8243; _module_preset=&#8221;default&#8221; global_colors_info=&#8221;{}&#8221;][et_pb_image src=&#8221;http:\/\/arolabumh.zeus.umh.es\/files\/2023\/02\/researchgate.jpg&#8221; title_text=&#8221;researchgate&#8221; url=&#8221;https:\/\/www.researchgate.net\/directory\/profiles&#8221; url_new_window=&#8221;on&#8221; align=&#8221;center&#8221; _builder_version=&#8221;4.17.4&#8243; _module_preset=&#8221;default&#8221; height=&#8221;50px&#8221; global_colors_info=&#8221;{}&#8221;][\/et_pb_image][\/et_pb_column][et_pb_column type=&#8221;1_3&#8243; _builder_version=&#8221;4.17.4&#8243; _module_preset=&#8221;default&#8221; global_colors_info=&#8221;{}&#8221;][et_pb_text _builder_version=&#8221;4.17.4&#8243; _module_preset=&#8221;default&#8221; text_font_size=&#8221;24px&#8221; text_orientation=&#8221;center&#8221; custom_padding=&#8221;15px||||false|false&#8221; hover_enabled=&#8221;0&#8243; global_colors_info=&#8221;{}&#8221; sticky_enabled=&#8221;0&#8243;]<\/p>\n<p><span style=\"color: #587b01;\"><a style=\"color: #587b01;\" href=\"https:\/\/loop.frontiersin.org\/people\/95024\/overview\" target=\"_blank\" rel=\"noopener\">My profile in Loop<\/a><\/span><\/p>\n<p>[\/et_pb_text][\/et_pb_column][et_pb_column type=&#8221;1_3&#8243; _builder_version=&#8221;4.17.4&#8243; _module_preset=&#8221;default&#8221; global_colors_info=&#8221;{}&#8221;][et_pb_image src=&#8221;http:\/\/arolabumh.zeus.umh.es\/files\/2023\/02\/LinkedIn_Logo.svg.png&#8221; title_text=&#8221;LinkedIn_Logo.svg&#8221; url=&#8221;https:\/\/www.linkedin.com\/authwall?trk=bf&#038;trkInfo=AQHoJCPLe5JO8QAAAYZPDxVQbEgnaLdZzZdgJNX2sYHc_qTCm8xU6axx9CR58c_o5a64eUchswzkT_BkBJYz_jn5G_3xM7fcLC_FW8vAJaf1oSQVwIVngOH-aUu8p2HnCp0T4q8=&#038;original_referer=&#038;sessionRedirect=https%3A%2F%2Fes.linkedin.com%2Fpub%2Fjose-manuel-perez-perez%2F29%2F88%2F500&#8243; url_new_window=&#8221;on&#8221; align=&#8221;center&#8221; _builder_version=&#8221;4.17.4&#8243; _module_preset=&#8221;default&#8221; height=&#8221;50px&#8221; global_colors_info=&#8221;{}&#8221;][\/et_pb_image][\/et_pb_column][\/et_pb_row][\/et_pb_section]<\/p>\n","protected":false},"excerpt":{"rendered":"<p>TeachingJos\u00e9 Manuel P\u00e9rez P\u00e9rez Since 2019, I am\u00a0Full Professor of Genetics\u00a0at the\u00a0Department of Applied Biology\u00a0of the Universidad Miguel Hern\u00e1ndez de Elche. There, I am teaching several Genetics courses to undergraduate students of the\u00a0Bachelor\u2019s in\u00a0Biotechnology\u00a0and\u00a0Environmental Science. I also participate in the\u00a0Master in Biotechnology and Bioengineering\u00a0and in the\u00a0Doctoral Program in Bioengineering. In turn, I am in charge [&hellip;]<\/p>\n","protected":false},"author":23459,"featured_media":0,"parent":0,"menu_order":0,"comment_status":"closed","ping_status":"closed","template":"","meta":{"_et_pb_use_builder":"on","_et_pb_old_content":"<p>[et_pb_section fb_built=\"1\" _builder_version=\"4.17.4\" _module_preset=\"default\" background_image=\"http:\/\/arolabumh.zeus.umh.es\/files\/2016\/04\/IMG_94123-e1488470466557.jpg\" height=\"335px\" global_colors_info=\"{}\"][\/et_pb_section][et_pb_section fb_built=\"1\" _builder_version=\"4.17.4\" _module_preset=\"default\" global_colors_info=\"{}\"][et_pb_row _builder_version=\"4.17.4\" _module_preset=\"default\" global_colors_info=\"{}\"][et_pb_column type=\"4_4\" _builder_version=\"4.17.4\" _module_preset=\"default\" global_colors_info=\"{}\"][et_pb_text _builder_version=\"4.17.4\" _module_preset=\"default\" header_font=\"|700|||||||\" header_text_color=\"#000000\" hover_enabled=\"0\" global_colors_info=\"{}\" sticky_enabled=\"0\"]<\/p><h1>Docencia<\/h1><p>[\/et_pb_text][et_pb_text _builder_version=\"4.17.4\" _module_preset=\"default\" text_text_color=\"#000000\" text_font_size=\"16px\" text_orientation=\"justified\" hover_enabled=\"0\" global_colors_info=\"{}\" sticky_enabled=\"0\"]<\/p><h3><strong>Jos\u00e9 Manuel P\u00e9rez P\u00e9rez<\/strong><\/h3><p>Desde 2019 soy\u00a0<strong>Catedr\u00e1tico de Universidad<\/strong>\u00a0en el\u00a0<a href=\"https:\/\/www.umh.es\/contenido\/Investigacion\/:uor_105\/datos_es.html\" target=\"_blank\" rel=\"noopener\">Departamento de Biolog\u00eda Aplicada<\/a>\u00a0de la Universidad Miguel Hern\u00e1ndez de Elche.<\/p><p>En la actualidad imparto\u00a0clases de\u00a0<strong>Gen\u00e9tica<\/strong>\u00a0y de\u00a0<strong>Biotecnolog\u00eda Molecular de las Plantas<\/strong>\u00a0en varios cursos para estudiantes del Grado en\u00a0<a href=\"http:\/\/ccaa.edu.umh.es\/\" target=\"_blank\" rel=\"noopener\">Ciencias Ambientales<\/a>\u00a0y del Grado en\u00a0<a href=\"http:\/\/biotecnologia.edu.umh.es\/\" target=\"_blank\" rel=\"noopener\">Biotecnolog\u00eda<\/a>. Tambi\u00e9n participo como docente en el\u00a0<a href=\"https:\/\/www.master-biotecnologia-bioingenieria.umh.es\/\" target=\"_blank\" rel=\"noopener\">M\u00e1ster Universitario en\u00a0Biotecnolog\u00eda y Bioingenier\u00eda<\/a>\u00a0y en el programa de\u00a0<a href=\"http:\/\/doctoradobioingenieria.edu.umh.es\/\" target=\"_blank\" rel=\"noopener\">Doctorado en Bioingenier\u00eda.<\/a><\/p><p><a href=\"http:\/\/umh.edu.es\/contenido\/Universidad\/:persona_5146\/datos_es.html\" target=\"_blank\" rel=\"noopener\">Aqu\u00ed est\u00e1 el enlace a mis tareas docentes.<\/a><\/p><p>[\/et_pb_text][\/et_pb_column][\/et_pb_row][et_pb_row column_structure=\"1_3,1_3,1_3\" _builder_version=\"4.17.4\" _module_preset=\"default\" global_colors_info=\"{}\"][et_pb_column type=\"1_3\" _builder_version=\"4.17.4\" _module_preset=\"default\" global_colors_info=\"{}\"][et_pb_image src=\"http:\/\/arolabumh.zeus.umh.es\/files\/2023\/02\/researchgate.jpg\" title_text=\"researchgate\" url=\"https:\/\/www.researchgate.net\/directory\/profiles\" url_new_window=\"on\" align=\"center\" _builder_version=\"4.17.4\" _module_preset=\"default\" height=\"50px\" global_colors_info=\"{}\"][\/et_pb_image][\/et_pb_column][et_pb_column type=\"1_3\" _builder_version=\"4.17.4\" _module_preset=\"default\" global_colors_info=\"{}\"][et_pb_text _builder_version=\"4.17.4\" _module_preset=\"default\" text_font_size=\"24px\" text_orientation=\"center\" custom_padding=\"15px||||false|false\" hover_enabled=\"0\" global_colors_info=\"{}\" sticky_enabled=\"0\"]<\/p><p><span style=\"color: #587b01;\"><a style=\"color: #587b01;\" href=\"https:\/\/loop.frontiersin.org\/people\/95024\/overview\" target=\"_blank\" rel=\"noopener\">Mi perfil en Loop<\/a><\/span><\/p><p>[\/et_pb_text][\/et_pb_column][et_pb_column type=\"1_3\" _builder_version=\"4.17.4\" _module_preset=\"default\" global_colors_info=\"{}\"][et_pb_image src=\"http:\/\/arolabumh.zeus.umh.es\/files\/2023\/02\/LinkedIn_Logo.svg.png\" title_text=\"LinkedIn_Logo.svg\" url=\"https:\/\/www.linkedin.com\/authwall?trk=bf&trkInfo=AQHoJCPLe5JO8QAAAYZPDxVQbEgnaLdZzZdgJNX2sYHc_qTCm8xU6axx9CR58c_o5a64eUchswzkT_BkBJYz_jn5G_3xM7fcLC_FW8vAJaf1oSQVwIVngOH-aUu8p2HnCp0T4q8=&original_referer=&sessionRedirect=https%3A%2F%2Fes.linkedin.com%2Fpub%2Fjose-manuel-perez-perez%2F29%2F88%2F500\" url_new_window=\"on\" align=\"center\" _builder_version=\"4.17.4\" _module_preset=\"default\" height=\"50px\" global_colors_info=\"{}\"][\/et_pb_image][\/et_pb_column][\/et_pb_row][\/et_pb_section]<\/p>","_et_gb_content_width":"","_links_to":"","_links_to_target":""},"_links":{"self":[{"href":"https:\/\/arolabumh.umh.es\/en\/wp-json\/wp\/v2\/pages\/3214"}],"collection":[{"href":"https:\/\/arolabumh.umh.es\/en\/wp-json\/wp\/v2\/pages"}],"about":[{"href":"https:\/\/arolabumh.umh.es\/en\/wp-json\/wp\/v2\/types\/page"}],"author":[{"embeddable":true,"href":"https:\/\/arolabumh.umh.es\/en\/wp-json\/wp\/v2\/users\/23459"}],"replies":[{"embeddable":true,"href":"https:\/\/arolabumh.umh.es\/en\/wp-json\/wp\/v2\/comments?post=3214"}],"version-history":[{"count":0,"href":"https:\/\/arolabumh.umh.es\/en\/wp-json\/wp\/v2\/pages\/3214\/revisions"}],"wp:attachment":[{"href":"https:\/\/arolabumh.umh.es\/en\/wp-json\/wp\/v2\/media?parent=3214"}],"curies":[{"name":"wp","href":"https:\/\/api.w.org\/{rel}","templated":true}]}}