{"id":3238,"date":"2023-02-24T08:13:33","date_gmt":"2023-02-24T08:13:33","guid":{"rendered":"https:\/\/arolabumh.zeus.umh.es\/?page_id=3238"},"modified":"2023-02-24T08:13:33","modified_gmt":"2023-02-24T08:13:33","slug":"related-labs-and-collaborators","status":"publish","type":"page","link":"https:\/\/arolabumh.umh.es\/en\/related-labs-and-collaborators\/","title":{"rendered":"Related labs and collaborators"},"content":{"rendered":"<p>[et_pb_section fb_built=&#8221;1&#8243; _builder_version=&#8221;4.17.4&#8243; _module_preset=&#8221;default&#8221; global_colors_info=&#8221;{}&#8221;][et_pb_row _builder_version=&#8221;4.17.4&#8243; _module_preset=&#8221;default&#8221; global_colors_info=&#8221;{}&#8221;][et_pb_column type=&#8221;4_4&#8243; _builder_version=&#8221;4.17.4&#8243; _module_preset=&#8221;default&#8221; global_colors_info=&#8221;{}&#8221;][et_pb_text _builder_version=&#8221;4.17.4&#8243; _module_preset=&#8221;default&#8221; header_font=&#8221;|700|||||||&#8221; header_text_color=&#8221;#000000&#8243; global_colors_info=&#8221;{}&#8221;]<\/p>\n<h1>Related labs and collaborators<\/h1>\n<p>[\/et_pb_text][\/et_pb_column][\/et_pb_row][et_pb_row column_structure=&#8221;1_3,1_3,1_3&#8243; _builder_version=&#8221;4.17.4&#8243; _module_preset=&#8221;default&#8221; global_colors_info=&#8221;{}&#8221;][et_pb_column type=&#8221;1_3&#8243; _builder_version=&#8221;4.17.4&#8243; _module_preset=&#8221;default&#8221; global_colors_info=&#8221;{}&#8221;][et_pb_text _builder_version=&#8221;4.17.4&#8243; _module_preset=&#8221;default&#8221; text_text_color=&#8221;#000000&#8243; text_font_size=&#8221;16px&#8221; text_orientation=&#8221;center&#8221; hover_enabled=&#8221;0&#8243; global_colors_info=&#8221;{}&#8221; text_font=&#8221;|600|||||||&#8221; sticky_enabled=&#8221;0&#8243; border_width_all=&#8221;2px&#8221; border_color_all=&#8221;#587b01&#8243; custom_padding=&#8221;28px||28px||true|true&#8221;]<\/p>\n<p>Dr. <span style=\"text-decoration: underline;\"><a href=\"https:\/\/emea.dummenorange.com\/barberet-eng\/index.php\" target=\"_blank\" rel=\"noopener\"><span style=\"color: #587b01; text-decoration: underline;\">Emilio Cano<\/span><\/a><\/span><\/p>\n<p>Barberet &amp; Blanc<\/p>\n<p>Spain<\/p>\n<p>[\/et_pb_text][\/et_pb_column][et_pb_column type=&#8221;1_3&#8243; _builder_version=&#8221;4.17.4&#8243; _module_preset=&#8221;default&#8221; global_colors_info=&#8221;{}&#8221;][et_pb_text _builder_version=&#8221;4.17.4&#8243; _module_preset=&#8221;default&#8221; text_text_color=&#8221;#000000&#8243; text_font_size=&#8221;16px&#8221; text_orientation=&#8221;center&#8221; hover_enabled=&#8221;0&#8243; global_colors_info=&#8221;{}&#8221; text_font=&#8221;|600|||||||&#8221; sticky_enabled=&#8221;0&#8243; border_width_all=&#8221;2px&#8221; border_color_all=&#8221;#587b01&#8243; custom_padding=&#8221;28px||28px||true|false&#8221;]<\/p>\n<p>Prof. <span style=\"text-decoration: underline;\"><a href=\"https:\/\/www.um.es\/web\/phytohormones\/\" target=\"_blank\" rel=\"noopener\"><span style=\"color: #587b01; text-decoration: underline;\">Manuel Acosta<\/span><\/a><\/span><\/p>\n<p>Universidad de Murcia<\/p>\n<p>Spain<\/p>\n<p>[\/et_pb_text][\/et_pb_column][et_pb_column type=&#8221;1_3&#8243; _builder_version=&#8221;4.17.4&#8243; _module_preset=&#8221;default&#8221; global_colors_info=&#8221;{}&#8221;][et_pb_text _builder_version=&#8221;4.17.4&#8243; _module_preset=&#8221;default&#8221; text_text_color=&#8221;#000000&#8243; text_font_size=&#8221;16px&#8221; text_orientation=&#8221;center&#8221; hover_enabled=&#8221;0&#8243; global_colors_info=&#8221;{}&#8221; text_font=&#8221;|600|||||||&#8221; sticky_enabled=&#8221;0&#8243; custom_padding=&#8221;28px||28px||true|false&#8221; border_width_all=&#8221;2px&#8221; border_color_all=&#8221;#587b01&#8243;]<\/p>\n<p>Dr. <span style=\"text-decoration: underline;\"><a href=\"http:\/\/www.alfocealab.com\/index.php\/en\" target=\"_blank\" rel=\"noopener\"><span style=\"color: #587b01; text-decoration: underline;\">Francisco P\u00e9rez-Alfocea<\/span><\/a><\/span><\/p>\n<p>CEBAS-CSIC<\/p>\n<p>Spain<\/p>\n<p>[\/et_pb_text][\/et_pb_column][\/et_pb_row][et_pb_row column_structure=&#8221;1_3,1_3,1_3&#8243; _builder_version=&#8221;4.17.4&#8243; _module_preset=&#8221;default&#8221; global_colors_info=&#8221;{}&#8221;][et_pb_column type=&#8221;1_3&#8243; _builder_version=&#8221;4.17.4&#8243; _module_preset=&#8221;default&#8221; global_colors_info=&#8221;{}&#8221;][et_pb_text _builder_version=&#8221;4.17.4&#8243; _module_preset=&#8221;default&#8221; text_text_color=&#8221;#000000&#8243; text_font_size=&#8221;16px&#8221; text_orientation=&#8221;center&#8221; hover_enabled=&#8221;0&#8243; global_colors_info=&#8221;{}&#8221; text_font=&#8221;|600|||||||&#8221; sticky_enabled=&#8221;0&#8243; custom_padding=&#8221;28px||28px||true|false&#8221; border_width_all=&#8221;2px&#8221; border_color_all=&#8221;#587b01&#8243;]<\/p>\n<p>Prof. <span style=\"text-decoration: underline;\"><a href=\"https:\/\/genetics.umh.es\/web\/\" target=\"_blank\" rel=\"noopener\"><span style=\"color: #587b01; text-decoration: underline;\">Jos\u00e9 Luis Micol<\/span><\/a><\/span><\/p>\n<p>Universidad Miguel Hern\u00e1ndez<\/p>\n<p>Spain<\/p>\n<p>[\/et_pb_text][\/et_pb_column][et_pb_column type=&#8221;1_3&#8243; _builder_version=&#8221;4.17.4&#8243; _module_preset=&#8221;default&#8221; global_colors_info=&#8221;{}&#8221;][et_pb_text _builder_version=&#8221;4.17.4&#8243; _module_preset=&#8221;default&#8221; text_text_color=&#8221;#000000&#8243; text_font_size=&#8221;16px&#8221; text_orientation=&#8221;center&#8221; hover_enabled=&#8221;0&#8243; global_colors_info=&#8221;{}&#8221; text_font=&#8221;|600|||||||&#8221; sticky_enabled=&#8221;0&#8243; custom_padding=&#8221;16px||16px||true|false&#8221; border_width_all=&#8221;2px&#8221; border_color_all=&#8221;#587b01&#8243;]<\/p>\n<p>Prof. <span style=\"text-decoration: underline;\"><a href=\"https:\/\/www.igzev.de\/englisch\/mitarbeiter.php?id=15\" target=\"_blank\" rel=\"noopener\"><span style=\"color: #587b01; text-decoration: underline;\">Uwe Druege<\/span><\/a><\/span><\/p>\n<p>Leibniz-Institute of Vegetable and Ornamental Crops<\/p>\n<p>Germany<\/p>\n<p>[\/et_pb_text][\/et_pb_column][et_pb_column type=&#8221;1_3&#8243; _builder_version=&#8221;4.17.4&#8243; _module_preset=&#8221;default&#8221; global_colors_info=&#8221;{}&#8221;][et_pb_text _builder_version=&#8221;4.17.4&#8243; _module_preset=&#8221;default&#8221; text_text_color=&#8221;#000000&#8243; text_font_size=&#8221;16px&#8221; text_orientation=&#8221;center&#8221; hover_enabled=&#8221;0&#8243; global_colors_info=&#8221;{}&#8221; text_font=&#8221;|600|||||||&#8221; sticky_enabled=&#8221;0&#8243; custom_padding=&#8221;28px||28px||true|false&#8221; border_width_all=&#8221;2px&#8221; border_color_all=&#8221;#587b01&#8243;]<\/p>\n<p>Dr. <span style=\"text-decoration: underline;\"><a href=\"http:\/\/www.rootsprout.com\/\" target=\"_blank\" rel=\"noopener\"><span style=\"color: #587b01; text-decoration: underline;\">Jian Xu<\/span><\/a><\/span><\/p>\n<p>National University of Singapore<\/p>\n<p>Singapore<\/p>\n<p>[\/et_pb_text][\/et_pb_column][\/et_pb_row][et_pb_row column_structure=&#8221;1_3,1_3,1_3&#8243; _builder_version=&#8221;4.17.4&#8243; _module_preset=&#8221;default&#8221; global_colors_info=&#8221;{}&#8221;][et_pb_column type=&#8221;1_3&#8243; _builder_version=&#8221;4.17.4&#8243; _module_preset=&#8221;default&#8221; global_colors_info=&#8221;{}&#8221;][et_pb_text _builder_version=&#8221;4.17.4&#8243; _module_preset=&#8221;default&#8221; text_text_color=&#8221;#000000&#8243; text_font_size=&#8221;16px&#8221; text_orientation=&#8221;center&#8221; hover_enabled=&#8221;0&#8243; global_colors_info=&#8221;{}&#8221; text_font=&#8221;|600|||||||&#8221; sticky_enabled=&#8221;0&#8243; border_width_all=&#8221;2px&#8221; border_color_all=&#8221;#587b01&#8243; custom_padding=&#8221;28px||28px||true|true&#8221;]<\/p>\n<p>Dr. <span style=\"text-decoration: underline;\"><a href=\"https:\/\/www-plb.ucdavis.edu\/labs\/brady\/index.html\" target=\"_blank\" rel=\"noopener\"><span style=\"color: #587b01; text-decoration: underline;\">Siobhan Brady<\/span><\/a><\/span><\/p>\n<p>University of California, Davis<\/p>\n<p>USA<\/p>\n<p>[\/et_pb_text][\/et_pb_column][et_pb_column type=&#8221;1_3&#8243; _builder_version=&#8221;4.17.4&#8243; _module_preset=&#8221;default&#8221; global_colors_info=&#8221;{}&#8221;][et_pb_text _builder_version=&#8221;4.17.4&#8243; _module_preset=&#8221;default&#8221; text_text_color=&#8221;#000000&#8243; text_font_size=&#8221;16px&#8221; text_orientation=&#8221;center&#8221; hover_enabled=&#8221;0&#8243; global_colors_info=&#8221;{}&#8221; text_font=&#8221;|600|||||||&#8221; sticky_enabled=&#8221;0&#8243; border_width_all=&#8221;2px&#8221; border_color_all=&#8221;#587b01&#8243; custom_padding=&#8221;28px||28px||true|false&#8221;]<\/p>\n<p>Prof. <span style=\"text-decoration: underline;\"><a href=\"https:\/\/www.uu.nl\/en\/organisation\/faculty-of-science\" target=\"_blank\" rel=\"noopener\"><span style=\"color: #587b01; text-decoration: underline;\">Ben Scheres<\/span><\/a><\/span><\/p>\n<p>Wageningen University<\/p>\n<p>The Netherlands<\/p>\n<p>[\/et_pb_text][\/et_pb_column][et_pb_column type=&#8221;1_3&#8243; _builder_version=&#8221;4.17.4&#8243; _module_preset=&#8221;default&#8221; global_colors_info=&#8221;{}&#8221;][et_pb_text _builder_version=&#8221;4.17.4&#8243; _module_preset=&#8221;default&#8221; text_text_color=&#8221;#000000&#8243; text_font_size=&#8221;16px&#8221; text_orientation=&#8221;center&#8221; hover_enabled=&#8221;0&#8243; global_colors_info=&#8221;{}&#8221; text_font=&#8221;|600|||||||&#8221; sticky_enabled=&#8221;0&#8243; custom_padding=&#8221;28px||28px||true|false&#8221; border_width_all=&#8221;2px&#8221; border_color_all=&#8221;#587b01&#8243;]<\/p>\n<p>Prof. <span style=\"text-decoration: underline;\"><a href=\"https:\/\/sites.duke.edu\/benfey\/\" target=\"_blank\" rel=\"noopener\"><span style=\"color: #587b01; text-decoration: underline;\">Philip N. Benfey<\/span><\/a><\/span><\/p>\n<p>Duke University<\/p>\n<p>USA<\/p>\n<p>[\/et_pb_text][\/et_pb_column][\/et_pb_row][et_pb_row column_structure=&#8221;1_3,1_3,1_3&#8243; _builder_version=&#8221;4.17.4&#8243; _module_preset=&#8221;default&#8221; global_colors_info=&#8221;{}&#8221;][et_pb_column type=&#8221;1_3&#8243; _builder_version=&#8221;4.17.4&#8243; _module_preset=&#8221;default&#8221; global_colors_info=&#8221;{}&#8221;][et_pb_text _builder_version=&#8221;4.17.4&#8243; _module_preset=&#8221;default&#8221; text_text_color=&#8221;#000000&#8243; text_font_size=&#8221;16px&#8221; text_orientation=&#8221;center&#8221; hover_enabled=&#8221;0&#8243; global_colors_info=&#8221;{}&#8221; text_font=&#8221;|600|||||||&#8221; sticky_enabled=&#8221;0&#8243; border_width_all=&#8221;2px&#8221; border_color_all=&#8221;#587b01&#8243; custom_padding=&#8221;28px||28px||true|true&#8221;]<\/p>\n<p>Prof. <span style=\"text-decoration: underline;\"><a href=\"http:\/\/www.cpib.ac.uk\/people\/malcolm-bennett\/\" target=\"_blank\" rel=\"noopener\"><span style=\"color: #587b01; text-decoration: underline;\">Malcolm Bennett<\/span><\/a><\/span><\/p>\n<p>University of Nottingham<\/p>\n<p>Uk<\/p>\n<p>[\/et_pb_text][\/et_pb_column][et_pb_column type=&#8221;1_3&#8243; _builder_version=&#8221;4.17.4&#8243; _module_preset=&#8221;default&#8221; global_colors_info=&#8221;{}&#8221;][et_pb_text _builder_version=&#8221;4.17.4&#8243; _module_preset=&#8221;default&#8221; text_text_color=&#8221;#000000&#8243; text_font_size=&#8221;16px&#8221; text_orientation=&#8221;center&#8221; hover_enabled=&#8221;0&#8243; global_colors_info=&#8221;{}&#8221; text_font=&#8221;|600|||||||&#8221; sticky_enabled=&#8221;0&#8243; border_width_all=&#8221;2px&#8221; border_color_all=&#8221;#587b01&#8243; custom_padding=&#8221;28px||28px||true|false&#8221;]<\/p>\n<p>Dr. <span style=\"text-decoration: underline;\"><a href=\"https:\/\/www.psb.ugent.be\/the-ipb-division\/root-development\" target=\"_blank\" rel=\"noopener\"><span style=\"color: #587b01; text-decoration: underline;\">Tom Beeckman<\/span><\/a><\/span><\/p>\n<p>GentUniversity<\/p>\n<p>Belgium<\/p>\n<p>[\/et_pb_text][\/et_pb_column][et_pb_column type=&#8221;1_3&#8243; _builder_version=&#8221;4.17.4&#8243; _module_preset=&#8221;default&#8221; global_colors_info=&#8221;{}&#8221;][et_pb_text _builder_version=&#8221;4.17.4&#8243; _module_preset=&#8221;default&#8221; text_text_color=&#8221;#000000&#8243; text_font_size=&#8221;16px&#8221; text_orientation=&#8221;center&#8221; hover_enabled=&#8221;0&#8243; global_colors_info=&#8221;{}&#8221; text_font=&#8221;|600|||||||&#8221; sticky_enabled=&#8221;0&#8243; custom_padding=&#8221;28px||28px||true|false&#8221; border_width_all=&#8221;2px&#8221; border_color_all=&#8221;#587b01&#8243;]<\/p>\n<p>Prof. <span style=\"text-decoration: underline;\"><a href=\"http:\/\/www.haseloff-lab.org\/\" target=\"_blank\" rel=\"noopener\"><span style=\"color: #587b01; text-decoration: underline;\">Jim Haseloff<\/span><\/a><\/span><\/p>\n<p>University of Cambridge<\/p>\n<p>UK<\/p>\n<p>[\/et_pb_text][\/et_pb_column][\/et_pb_row][\/et_pb_section]<\/p>\n","protected":false},"excerpt":{"rendered":"<p>Related labs and collaborators Dr. Emilio Cano Barberet &amp; Blanc Spain Prof. Manuel Acosta Universidad de Murcia Spain Dr. Francisco P\u00e9rez-Alfocea CEBAS-CSIC Spain Prof. Jos\u00e9 Luis Micol Universidad Miguel Hern\u00e1ndez Spain Prof. Uwe Druege Leibniz-Institute of Vegetable and Ornamental Crops Germany Dr. Jian Xu National University of Singapore Singapore Dr. Siobhan Brady University of California, [&hellip;]<\/p>\n","protected":false},"author":23459,"featured_media":0,"parent":0,"menu_order":0,"comment_status":"closed","ping_status":"closed","template":"","meta":{"_et_pb_use_builder":"on","_et_pb_old_content":"","_et_gb_content_width":"","_links_to":"","_links_to_target":""},"_links":{"self":[{"href":"https:\/\/arolabumh.umh.es\/en\/wp-json\/wp\/v2\/pages\/3238"}],"collection":[{"href":"https:\/\/arolabumh.umh.es\/en\/wp-json\/wp\/v2\/pages"}],"about":[{"href":"https:\/\/arolabumh.umh.es\/en\/wp-json\/wp\/v2\/types\/page"}],"author":[{"embeddable":true,"href":"https:\/\/arolabumh.umh.es\/en\/wp-json\/wp\/v2\/users\/23459"}],"replies":[{"embeddable":true,"href":"https:\/\/arolabumh.umh.es\/en\/wp-json\/wp\/v2\/comments?post=3238"}],"version-history":[{"count":0,"href":"https:\/\/arolabumh.umh.es\/en\/wp-json\/wp\/v2\/pages\/3238\/revisions"}],"wp:attachment":[{"href":"https:\/\/arolabumh.umh.es\/en\/wp-json\/wp\/v2\/media?parent=3238"}],"curies":[{"name":"wp","href":"https:\/\/api.w.org\/{rel}","templated":true}]}}