{"id":3274,"date":"2023-02-24T08:33:46","date_gmt":"2023-02-24T08:33:46","guid":{"rendered":"https:\/\/arolabumh.zeus.umh.es\/?page_id=3274"},"modified":"2023-02-24T08:33:55","modified_gmt":"2023-02-24T08:33:55","slug":"former-lab-members","status":"publish","type":"page","link":"https:\/\/arolabumh.umh.es\/en\/former-lab-members\/","title":{"rendered":"Former lab members"},"content":{"rendered":"<p>[et_pb_section fb_built=&#8221;1&#8243; _builder_version=&#8221;4.17.4&#8243; _module_preset=&#8221;default&#8221; global_colors_info=&#8221;{}&#8221;][et_pb_row _builder_version=&#8221;4.17.4&#8243; _module_preset=&#8221;default&#8221; global_colors_info=&#8221;{}&#8221;][et_pb_column type=&#8221;4_4&#8243; _builder_version=&#8221;4.17.4&#8243; _module_preset=&#8221;default&#8221; global_colors_info=&#8221;{}&#8221;][et_pb_text _builder_version=&#8221;4.17.4&#8243; _module_preset=&#8221;default&#8221; header_font=&#8221;|700|||||||&#8221; header_text_color=&#8221;#000000&#8243; hover_enabled=&#8221;0&#8243; global_colors_info=&#8221;{}&#8221; sticky_enabled=&#8221;0&#8243;]<\/p>\n<h1>Former lab members<\/h1>\n<p>[\/et_pb_text][et_pb_text _builder_version=&#8221;4.17.4&#8243; _module_preset=&#8221;default&#8221; text_text_color=&#8221;#000000&#8243; hover_enabled=&#8221;0&#8243; custom_css_main_element=&#8221;overflow-x: auto;&#8221; global_colors_info=&#8221;{}&#8221; sticky_enabled=&#8221;0&#8243;]<\/p>\n<table id=\"tablepress-4\" class=\"tablepress tablepress-id-4\" style=\"height: 1250px;\" width=\"1500\">\n<thead>\n<tr class=\"row-1 odd\" bgcolor=\"#587b01\">\n<th class=\"column-1\">\n<div><span style=\"color: #ffffff;\">Researcher<\/span><\/div>\n<\/th>\n<th class=\"column-1\">\n<div><span style=\"color: #ffffff;\">Position<\/span><\/div>\n<\/th>\n<th class=\"column-1\">\n<div><span style=\"color: #ffffff;\">Period<\/span><\/div>\n<\/th>\n<th class=\"column-1\">\n<div><span style=\"color: #ffffff;\">Research topic<\/span><\/div>\n<\/th>\n<\/tr>\n<\/thead>\n<tbody class=\"row-hover\">\n<tr class=\"row-2 odd\">\n<td class=\"column-1\" style=\"font-size: 15px;\">Ana Bel\u00e9n S\u00e1nchez Garc\u00eda<\/td>\n<td class=\"column-1\" style=\"font-size: 15px;\">Postdoctoral researcher<\/td>\n<td class=\"column-1\" style=\"font-size: 15px;\">2014-17<\/td>\n<td class=\"column-1\" style=\"font-size: 15px;\">Comparative genomics of adventitious root formation in tomato and carnation<\/td>\n<\/tr>\n<tr class=\"row-2 even\">\n<td class=\"column-1\" style=\"font-size: 15px;\">Samuel Daniel Lup<\/td>\n<td class=\"column-1\" style=\"font-size: 15px;\">Biotechnology student<\/td>\n<td class=\"column-1\" style=\"font-size: 15px;\">2015-16<\/td>\n<td class=\"column-1\" style=\"font-size: 15px;\">Genetic analysis of regeneration in model and non-model species<\/td>\n<\/tr>\n<tr class=\"row-3 odd\">\n<td class=\"column-1\" style=\"font-size: 15px;\">Rebeca Gonz\u00e1lez Bay\u00f3n<\/td>\n<td class=\"column-1\" style=\"font-size: 15px;\">PhD<\/td>\n<td class=\"column-1\" style=\"font-size: 15px;\">2016<\/td>\n<td class=\"column-1\" style=\"font-size: 15px;\">Genetic analysis of regeneration in model species<\/td>\n<\/tr>\n<tr class=\"row-3 even\">\n<td class=\"column-1\" style=\"font-size: 15px;\">Jos\u00e9 David Celdr\u00e1n L\u00f3pez<\/td>\n<td class=\"column-1\" style=\"font-size: 15px;\">Biotechnology student<\/td>\n<td class=\"column-1\" style=\"font-size: 15px;\">2015-16<\/td>\n<td class=\"column-1\" style=\"font-size: 15px;\">Genetic analysis of regeneration in model and non-model species<\/td>\n<\/tr>\n<tr class=\"row-3 odd\">\n<td class=\"column-1\" style=\"font-size: 15px;\">Mar\u00eda \u00c1ngeles Fern\u00e1ndez<\/td>\n<td class=\"column-1\" style=\"font-size: 15px;\">PhD candidate<\/td>\n<td class=\"column-1\" style=\"font-size: 15px;\">2015-16<\/td>\n<td class=\"column-1\" style=\"font-size: 15px;\">Genetic analysis of\u00a0adventitious root\u00a0mutants<\/td>\n<\/tr>\n<tr class=\"row-3 even\">\n<td class=\"column-1\" style=\"font-size: 15px;\">Joan Villanova Calatayud<\/td>\n<td class=\"column-1\" style=\"font-size: 15px;\">PhD<\/td>\n<td class=\"column-1\" style=\"font-size: 15px;\">2013-17<\/td>\n<td class=\"column-1\" style=\"font-size: 15px;\">Genetic analysis of adventitious root formation in\u00a0carnation<\/td>\n<\/tr>\n<tr class=\"row-3 odd\">\n<td class=\"column-1\" style=\"font-size: 15px;\">M\u00aaAmparo Primo Capella<\/td>\n<td class=\"column-1\" style=\"font-size: 15px;\">PhD candidate<\/td>\n<td class=\"column-1\" style=\"font-size: 15px;\">2014<\/td>\n<td class=\"column-1\" style=\"font-size: 15px;\">Genetic analysis of adventitious root formation in model species<\/td>\n<\/tr>\n<tr class=\"row-3 even\">\n<td class=\"column-1\" style=\"font-size: 15px;\">Carla Navarro Quiles<\/td>\n<td class=\"column-1\" style=\"font-size: 15px;\">Biotechnology student<\/td>\n<td class=\"column-1\" style=\"font-size: 15px;\">2014<\/td>\n<td class=\"column-1\" style=\"font-size: 15px;\">Genetic analysis of\u00a0adventitious root\u00a0mutants<\/td>\n<\/tr>\n<tr class=\"row-3 odd\">\n<td class=\"column-1\" style=\"font-size: 15px;\">Noelia S\u00e1nchez<\/td>\n<td class=\"column-1\" style=\"font-size: 15px;\">Biotechnology student<\/td>\n<td class=\"column-1\" style=\"font-size: 15px;\">2014<\/td>\n<td class=\"column-1\" style=\"font-size: 15px;\">Genetic analysis of\u00a0adventitious root\u00a0mutants<\/td>\n<\/tr>\n<tr class=\"row-3 even\">\n<td class=\"column-1\" style=\"font-size: 15px;\">Selmi Ayet<\/td>\n<td class=\"column-1\" style=\"font-size: 15px;\">Visiting Researcher<\/td>\n<td class=\"column-1\" style=\"font-size: 15px;\">2014<\/td>\n<td class=\"column-1\" style=\"font-size: 15px;\">Gene expression profiling in <em>Anthyllis sericea<\/em> roots<\/td>\n<\/tr>\n<tr class=\"row-3 odd\">\n<td class=\"column-1\" style=\"font-size: 15px;\">Helena Ruiz Cano<\/td>\n<td class=\"column-1\" style=\"font-size: 15px;\">Biotechnology student<\/td>\n<td class=\"column-1\" style=\"font-size: 15px;\">2013-14<\/td>\n<td class=\"column-1\" style=\"font-size: 15px;\">Genetic analysis of adventitious root formation in <em>Arabidopsis thaliana<\/em><\/td>\n<\/tr>\n<tr class=\"row-3 even\">\n<td class=\"column-1\" style=\"font-size: 15px;\">Almudena Ferr\u00e1ndez-Ayela<\/td>\n<td class=\"column-1\" style=\"font-size: 15px;\">Research Scientist<\/td>\n<td class=\"column-1\" style=\"font-size: 15px;\">2013-14<\/td>\n<td class=\"column-1\" style=\"font-size: 15px;\">Gene expression profiling in tomato roots unders stress<\/td>\n<\/tr>\n<tr class=\"row-3 odd\">\n<td class=\"column-1\" style=\"font-size: 15px;\">Jessica Sousa-Barros<\/td>\n<td class=\"column-1\" style=\"font-size: 15px;\">Biotechnology student<\/td>\n<td class=\"column-1\" style=\"font-size: 15px;\">2013<\/td>\n<td class=\"column-1\" style=\"font-size: 15px;\">Hormonal genetics of adventitious root formation<\/td>\n<\/tr>\n<tr class=\"row-3 even\">\n<td class=\"column-1\" style=\"font-size: 15px;\">Virginia Birlanga<\/td>\n<td class=\"column-1\" style=\"font-size: 15px;\">Biotechnology student<\/td>\n<td class=\"column-1\" style=\"font-size: 15px;\">2012-14<\/td>\n<td class=\"column-1\" style=\"font-size: 15px;\">Carnation flower and adventitious root phenotyping<\/td>\n<\/tr>\n<tr class=\"row-3 odd\">\n<td class=\"column-1\" style=\"font-size: 15px;\">Borja Chac\u00f3n<\/td>\n<td class=\"column-1\" style=\"font-size: 15px;\">Master student<\/td>\n<td class=\"column-1\" style=\"font-size: 15px;\">2012-13<\/td>\n<td class=\"column-1\" style=\"font-size: 15px;\">Carnation flower phenotyping<\/td>\n<\/tr>\n<tr class=\"row-3 even\">\n<td class=\"column-1\" style=\"font-size: 15px;\">Carlos Villacorta<\/td>\n<td class=\"column-1\" style=\"font-size: 15px;\">Visiting Researcher<\/td>\n<td class=\"column-1\" style=\"font-size: 15px;\">2012<\/td>\n<td class=\"column-1\" style=\"font-size: 15px;\">Genetic structure of commercial carnation germplasm<\/td>\n<\/tr>\n<tr class=\"row-3 odd\">\n<td class=\"column-1\" style=\"font-size: 15px;\">Roberto Ballester<\/td>\n<td class=\"column-2\" style=\"font-size: 15px;\">Biotechnology student<\/td>\n<td class=\"column-3\" style=\"font-size: 15px;\">2011-12<\/td>\n<td class=\"column-4\" style=\"font-size: 15px;\">Carnation flower phenotyping<\/td>\n<\/tr>\n<tr class=\"row-3 even\">\n<td class=\"column-1\" style=\"font-size: 15px;\">M\u00aa \u00c1ngeles Agull\u00f3-Ant\u00f3n<\/td>\n<td class=\"column-1\" style=\"font-size: 15px;\">Visiting Researcher<\/td>\n<td class=\"column-1\" style=\"font-size: 15px;\">2011-12<\/td>\n<td class=\"column-1\" style=\"font-size: 15px;\">Hormonal profiling of adventitious root formation in carnation cuttings<\/td>\n<\/tr>\n<\/tbody>\n<\/table>\n<p>[\/et_pb_text][\/et_pb_column][\/et_pb_row][\/et_pb_section]<\/p>\n","protected":false},"excerpt":{"rendered":"<p>Former lab members Researcher Position Period Research topic Ana Bel\u00e9n S\u00e1nchez Garc\u00eda Postdoctoral researcher 2014-17 Comparative genomics of adventitious root formation in tomato and carnation Samuel Daniel Lup Biotechnology student 2015-16 Genetic analysis of regeneration in model and non-model species Rebeca Gonz\u00e1lez Bay\u00f3n PhD 2016 Genetic analysis of regeneration in model species Jos\u00e9 David Celdr\u00e1n [&hellip;]<\/p>\n","protected":false},"author":23459,"featured_media":0,"parent":0,"menu_order":0,"comment_status":"closed","ping_status":"closed","template":"","meta":{"_et_pb_use_builder":"on","_et_pb_old_content":"<p>[et_pb_section fb_built=\"1\" _builder_version=\"4.17.4\" _module_preset=\"default\" global_colors_info=\"{}\"][et_pb_row _builder_version=\"4.17.4\" _module_preset=\"default\" global_colors_info=\"{}\"][et_pb_column type=\"4_4\" _builder_version=\"4.17.4\" _module_preset=\"default\" global_colors_info=\"{}\"][et_pb_text _builder_version=\"4.17.4\" _module_preset=\"default\" header_font=\"|700|||||||\" header_text_color=\"#000000\" global_colors_info=\"{}\"]<\/p><h1>Former lab members<\/h1><p>[\/et_pb_text][et_pb_text _builder_version=\"4.17.4\" _module_preset=\"default\" text_text_color=\"#000000\" hover_enabled=\"0\" global_colors_info=\"{}\" custom_css_main_element=\"overflow-x: auto;\" sticky_enabled=\"0\"]<\/p><table id=\"tablepress-4\" class=\"tablepress tablepress-id-4\" style=\"height: 1250px;\" width=\"1500\"><thead><tr class=\"row-1 odd\" bgcolor=\"#587b01\"><th class=\"column-1\"><div><span style=\"color: #ffffff;\">Investigador<\/span><\/div><\/th><th class=\"column-1\"><div><span style=\"color: #ffffff;\">Posici\u00f3n<\/span><\/div><\/th><th class=\"column-1\"><div><span style=\"color: #ffffff;\">A\u00f1o<\/span><\/div><\/th><th class=\"column-1\"><div><span style=\"color: #ffffff;\">Tema de investigaci\u00f3n<\/span><\/div><\/th><\/tr><\/thead><tbody class=\"row-hover\"><tr class=\"row-2 even\"><td class=\"column-1\" style=\"font-size: 14px;\">Mar\u00eda Gomariz Clemente<\/td><td class=\"column-1\" style=\"font-size: 14px;\">T\u00e9cnico de laboratorio<\/td><td class=\"column-1\" style=\"font-size: 14px;\">2020<span style=\"color: #ffffff;\">.<\/span>-<span style=\"color: #ffffff;\">.<\/span>22<\/td><td class=\"column-1\" style=\"font-size: 14px;\">Apoyo t\u00e9cnico del SATDI-UMH a las tareas de investigaci\u00f3n<\/td><\/tr><tr class=\"row-2 odd\"><td class=\"column-1\" style=\"font-size: 14px;\">Noelia Ant\u00f3n Ruiz<\/td><td class=\"column-1\" style=\"font-size: 14px;\">Estudiante de M\u00e1ster<\/td><td class=\"column-1\" style=\"font-size: 14px;\">2021<span style=\"color: #ffffff;\">.<\/span>-<span style=\"color: #ffffff;\">.<\/span>22<\/td><td class=\"column-1\" style=\"font-size: 14px;\">Respuesta g\u00e9nica inducida por fr\u00edo en el picudo rojo de las palmeras<\/td><\/tr><tr class=\"row-2 even\"><td class=\"column-1\" style=\"font-size: 14px;\">Marta Molina P\u00e9rez<\/td><td class=\"column-1\" style=\"font-size: 14px;\">Estudiante de\u00a0Biotecnolog\u00eda<\/td><td class=\"column-1\" style=\"font-size: 14px;\">2020<span style=\"color: #ffffff;\">.<\/span>-<span style=\"color: #ffffff;\">.<\/span>21<\/td><td class=\"column-1\" style=\"font-size: 14px;\">Estudio del enraizamiento adventicio en esquejes del g\u00e9nero <em>Prunus<\/em><\/td><\/tr><tr class=\"row-2 odd\"><td class=\"column-1\" style=\"font-size: 14px;\">Ana Bel\u00e9n S\u00e1nchez Garc\u00eda<\/td><td class=\"column-1\" style=\"font-size: 14px;\">Investigadora postdoctoral<\/td><td class=\"column-1\" style=\"font-size: 14px;\">2014<span style=\"color: #ffffff;\">.<\/span>-<span style=\"color: #ffffff;\">.<\/span>17, 2019<span style=\"color: #ffffff;\">.<\/span>-<span style=\"color: #ffffff;\">.<\/span>20<\/td><td class=\"column-1\" style=\"font-size: 14px;\">Gen\u00f3mica comparada de la formaci\u00f3n de ra\u00edces adventicias en tomate y clavel<\/td><\/tr><tr class=\"row-2 even\"><td class=\"column-1\" style=\"font-size: 14px;\">Alejandro Ballester<\/td><td class=\"column-1\" style=\"font-size: 14px;\">Estudiante de\u00a0Biotecnolog\u00eda<\/td><td class=\"column-1\" style=\"font-size: 14px;\">2019<span style=\"color: #ffffff;\">.<\/span>-<span style=\"color: #ffffff;\">.<\/span>20<\/td><td class=\"column-1\" style=\"font-size: 14px;\">An\u00e1lisis gen\u00e9tico de la formaci\u00f3n de ra\u00edces adventicias en<em> A. thaliana<\/em><\/td><\/tr><tr class=\"row-2 odd\"><td class=\"column-1\" style=\"font-size: 14px;\">Sergio Ib\u00e1\u00f1ez L\u00f3pez<\/td><td class=\"column-1\" style=\"font-size: 14px;\">Doctorando<\/td><td class=\"column-1\" style=\"font-size: 14px;\">2016<span style=\"color: #ffffff;\">.<\/span>-<span style=\"color: #ffffff;\">.<\/span>20<\/td><td class=\"column-1\" style=\"font-size: 14px;\">An\u00e1lisis gen\u00e9tico de la formaci\u00f3n de ra\u00edces adventicias en <em>A. thaliana<\/em><\/td><\/tr><tr class=\"row-2 even\"><td class=\"column-1\" style=\"font-size: 14px;\">Aurora Alaguero Cordovilla<\/td><td class=\"column-1\" style=\"font-size: 14px;\">Doctoranda<\/td><td class=\"column-1\" style=\"font-size: 14px;\">2015<span style=\"color: #ffffff;\">.<\/span>-<span style=\"color: #ffffff;\">.<\/span>20<\/td><td class=\"column-1\" style=\"font-size: 14px;\">An\u00e1lisis gen\u00e9tico de la formaci\u00f3n de ra\u00edces adventicias en tomate<\/td><\/tr><tr class=\"row-2 odd\"><td class=\"column-1\" style=\"font-size: 14px;\">David Esteve Bruna<\/td><td class=\"column-1\" style=\"font-size: 14px;\">Investigador postdoctoral<\/td><td class=\"column-1\" style=\"font-size: 14px;\">2019<span style=\"color: #ffffff;\">.<\/span>-<span style=\"color: #ffffff;\">.<\/span>20<\/td><td class=\"column-1\" style=\"font-size: 14px;\">An\u00e1lisis gen\u00e9tico de la formaci\u00f3n de ra\u00edces adventicias en especies modelo<\/td><\/tr><tr class=\"row-2 even\"><td class=\"column-1\" style=\"font-size: 14px;\">Sonia Coves Mora<\/td><td class=\"column-1\" style=\"font-size: 14px;\">Estudiante de\u00a0Biotecnolog\u00eda<\/td><td class=\"column-1\" style=\"font-size: 14px;\">2018<span style=\"color: #ffffff;\">.<\/span>-<span style=\"color: #ffffff;\">.<\/span>19<\/td><td class=\"column-1\" style=\"font-size: 14px;\">An\u00e1lisis gen\u00e9tico de la formaci\u00f3n de ra\u00edces adventicias en<em> A. thaliana<\/em><\/td><\/tr><tr class=\"row-2 odd\"><td class=\"column-1\" style=\"font-size: 14px;\">Marta Ort\u00ed Lull<\/td><td class=\"column-1\" style=\"font-size: 14px;\">Estudiante de\u00a0Biotecnolog\u00eda<\/td><td class=\"column-1\" style=\"font-size: 14px;\">2018<span style=\"color: #ffffff;\">.<\/span>-<span style=\"color: #ffffff;\">.<\/span>19<\/td><td class=\"column-1\" style=\"font-size: 14px;\">An\u00e1lisis gen\u00e9tico de la formaci\u00f3n de ra\u00edces adventicias en<em> A. thaliana<\/em><\/td><\/tr><tr class=\"row-2 even\"><td class=\"column-1\" style=\"font-size: 14px;\">Paula Jadzcak<\/td><td class=\"column-1\" style=\"font-size: 14px;\">Investigadora visitante<\/td><td class=\"column-1\" style=\"font-size: 14px;\">2016<span style=\"color: #ffffff;\">.<\/span>-<span style=\"color: #ffffff;\">.<\/span>18<\/td><td class=\"column-1\" style=\"font-size: 14px;\">An\u00e1lisis gen\u00e9tico de la formaci\u00f3n de ra\u00edces adventicias en tomate<\/td><\/tr><tr class=\"row-2 odd\"><td class=\"column-1\" style=\"font-size: 14px;\">Diana Navarro Mart\u00ednez<\/td><td class=\"column-1\" style=\"font-size: 14px;\">T\u00e9cnico de laboratorio<\/td><td class=\"column-1\" style=\"font-size: 14px;\">2016<span style=\"color: #ffffff;\">.<\/span>-<span style=\"color: #ffffff;\">.<\/span>18<\/td><td class=\"column-1\" style=\"font-size: 14px;\">Apoyo t\u00e9cnico del SATDI-UMH a las tareas de investigaci\u00f3n<\/td><\/tr><tr class=\"row-2 even\"><td class=\"column-1\" style=\"font-size: 14px;\">Joan S\u00e1nchez Pascual<\/td><td class=\"column-1\" style=\"font-size: 14px;\">Estudiante de\u00a0Biotecnolog\u00eda<\/td><td class=\"column-1\" style=\"font-size: 14px;\">2017<span style=\"color: #ffffff;\">.<\/span>-<span style=\"color: #ffffff;\">.<\/span>18<\/td><td class=\"column-1\" style=\"font-size: 14px;\">Formaci\u00f3n de ra\u00edces adventicias en l\u00edneas de introgresi\u00f3n de tomate<\/td><\/tr><tr class=\"row-2 odd\"><td class=\"column-1\" style=\"font-size: 14px;\">\u00c1lvaro Huguet L\u00f3pez<\/td><td class=\"column-1\" style=\"font-size: 14px;\">Estudiante de\u00a0Biotecnolog\u00eda<\/td><td class=\"column-1\" style=\"font-size: 14px;\">2017<span style=\"color: #ffffff;\">.<\/span>-<span style=\"color: #ffffff;\">.<\/span>18<\/td><td class=\"column-1\" style=\"font-size: 14px;\">Silenciamiento g\u00e9nico inducido por virus en pl\u00e1ntulas\u00a0de tomate<\/td><\/tr><tr class=\"row-2 even\"><td class=\"column-1\" style=\"font-size: 14px;\">Francisco Javier Gran G\u00f3mez<\/td><td class=\"column-1\" style=\"font-size: 14px;\">Estudiante de M\u00e1ster<\/td><td class=\"column-1\" style=\"font-size: 14px;\">2016<span style=\"color: #ffffff;\">.<\/span>-<span style=\"color: #ffffff;\">.<\/span>18<\/td><td class=\"column-1\" style=\"font-size: 14px;\">Variaci\u00f3n de la arquitectura radicular en especies silvestres y mutantes\u00a0de tomate<\/td><\/tr><tr class=\"row-2 odd\"><td class=\"column-1\" style=\"font-size: 14px;\">Alfonso Azor\u00edn Guaita<\/td><td class=\"column-1\" style=\"font-size: 14px;\">Estudiante de M\u00e1ster<\/td><td class=\"column-1\" style=\"font-size: 14px;\">2016<span style=\"color: #ffffff;\">.<\/span>-<span style=\"color: #ffffff;\">.<\/span>18<\/td><td class=\"column-1\" style=\"font-size: 14px;\">Variaci\u00f3n de la arquitectura radicular en l\u00edneas de introgresi\u00f3n de\u00a0tomate<\/td><\/tr><tr class=\"row-2 even\"><td class=\"column-1\" style=\"font-size: 14px;\">Joan Villanova Calatayud<\/td><td class=\"column-1\" style=\"font-size: 14px;\">Doctorando<\/td><td class=\"column-1\" style=\"font-size: 14px;\">2013<span style=\"color: #ffffff;\">.<\/span>-<span style=\"color: #ffffff;\">.<\/span>17<\/td><td class=\"column-1\" style=\"font-size: 14px;\">An\u00e1lisis gen\u00e9tico de la formaci\u00f3n de ra\u00edces adventicias en clavel<\/td><\/tr><tr class=\"row-2 odd\"><td class=\"column-1\" style=\"font-size: 14px;\">Samuel Daniel Lup<\/td><td class=\"column-1\" style=\"font-size: 14px;\">Estudiante de M\u00e1ster<\/td><td class=\"column-1\" style=\"font-size: 14px;\">2015<span style=\"color: #ffffff;\">.<\/span>-<span style=\"color: #ffffff;\">.<\/span>16<\/td><td class=\"column-1\" style=\"font-size: 14px;\">An\u00e1lisis gen\u00e9tico de la formaci\u00f3n de ra\u00edces adventicias en<em> A. thaliana<\/em><\/td><\/tr><tr class=\"row-3 even\"><td class=\"column-1\" style=\"font-size: 14px;\">Rebeca Gonz\u00e1lez Bay\u00f3n<\/td><td class=\"column-1\" style=\"font-size: 14px;\">Doctora<\/td><td class=\"column-1\" style=\"font-size: 14px;\">2016<\/td><td class=\"column-1\" style=\"font-size: 14px;\">An\u00e1lisis gen\u00e9tico de la formaci\u00f3n de ra\u00edces adventicias<\/td><\/tr><tr class=\"row-3 odd\"><td class=\"column-1\" style=\"font-size: 14px;\">Jos\u00e9 David Celdr\u00e1n L\u00f3pez<\/td><td class=\"column-1\" style=\"font-size: 14px;\">Estudiante de Biotecnolog\u00eda<\/td><td class=\"column-1\" style=\"font-size: 14px;\">2015<span style=\"color: #ffffff;\">.<\/span>-<span style=\"color: #ffffff;\">.<\/span>16<\/td><td class=\"column-1\" style=\"font-size: 14px;\">An\u00e1lisis gen\u00e9tico de la\u00a0formaci\u00f3n de ra\u00edces adventicias\u00a0en especies no modelo<\/td><\/tr><tr class=\"row-3 even\"><td class=\"column-1\" style=\"font-size: 14px;\">M\u00aa \u00c1ngeles Fern\u00e1ndez<\/td><td class=\"column-1\" style=\"font-size: 14px;\">Candidata a doctorando<\/td><td class=\"column-1\" style=\"font-size: 14px;\">2015<span style=\"color: #ffffff;\">.<\/span>-<span style=\"color: #ffffff;\">.<\/span>16<\/td><td class=\"column-1\" style=\"font-size: 14px;\">An\u00e1lisis gen\u00e9tico de la formaci\u00f3n de ra\u00edces adventicias en<em> A. thaliana<\/em><\/td><\/tr><tr class=\"row-3 odd\"><td class=\"column-1\" style=\"font-size: 14px;\">M\u00aa Amparo Primo Capella<\/td><td class=\"column-1\" style=\"font-size: 14px;\">Candidata a doctorando<\/td><td class=\"column-1\" style=\"font-size: 14px;\">2014<\/td><td class=\"column-1\" style=\"font-size: 14px;\">An\u00e1lisis gen\u00e9tico de la formaci\u00f3n de ra\u00edces adventicias<\/td><\/tr><tr class=\"row-3 even\"><td class=\"column-1\" style=\"font-size: 14px;\">Carla Navarro Quiles<\/td><td class=\"column-1\" style=\"font-size: 14px;\">Estudiante de Biotecnolog\u00eda<\/td><td class=\"column-1\" style=\"font-size: 14px;\">2014<\/td><td class=\"column-1\" style=\"font-size: 14px;\">An\u00e1lisis gen\u00e9tico de mutantes deficientes en la formaci\u00f3n de ra\u00edces adventicias<\/td><\/tr><tr class=\"row-3 odd\"><td class=\"column-1\" style=\"font-size: 14px;\">Noelia S\u00e1nchez<\/td><td class=\"column-1\" style=\"font-size: 14px;\">Estudiante de Biotecnolog\u00eda<\/td><td class=\"column-1\" style=\"font-size: 14px;\">2014<\/td><td class=\"column-1\" style=\"font-size: 14px;\">An\u00e1lisis gen\u00e9tico de mutantes deficientes en la formaci\u00f3n de ra\u00edces adventicias<\/td><\/tr><tr class=\"row-3 even\"><td class=\"column-1\" style=\"font-size: 14px;\">Selmi Ayet<\/td><td class=\"column-1\" style=\"font-size: 14px;\">Investigadora visitante<\/td><td class=\"column-1\" style=\"font-size: 14px;\">2014<\/td><td class=\"column-1\" style=\"font-size: 14px;\">Caracterizaci\u00f3n de la expresi\u00f3n g\u00e9nica en ra\u00edces de<em> Anthyllis sericea<\/em><\/td><\/tr><tr class=\"row-3 odd\"><td class=\"column-1\" style=\"font-size: 14px;\">Helena Ruiz Cano<\/td><td class=\"column-1\" style=\"font-size: 14px;\">Estudiante de Biotecnolog\u00eda<\/td><td class=\"column-1\" style=\"font-size: 14px;\">2013<span style=\"color: #ffffff;\">.<\/span>-<span style=\"color: #ffffff;\">.<\/span>14<\/td><td class=\"column-1\" style=\"font-size: 14px;\">An\u00e1lisis gen\u00e9tico de la formaci\u00f3n de ra\u00edces adventicias en<em> Arabidopsis thaliana<\/em><\/td><\/tr><tr class=\"row-3 even\"><td class=\"column-1\" style=\"font-size: 14px;\">Almudena Ferr\u00e1ndez Ayela<\/td><td class=\"column-1\" style=\"font-size: 14px;\">Investigadora cient\u00edfico<\/td><td class=\"column-1\" style=\"font-size: 14px;\">2013<span style=\"color: #ffffff;\">.<\/span>-<span style=\"color: #ffffff;\">.<\/span>14<\/td><td class=\"column-1\" style=\"font-size: 14px;\">Caracterizaci\u00f3n de la expresi\u00f3n g\u00e9nica en ra\u00edces de tomate bajo estr\u00e9s<\/td><\/tr><tr class=\"row-3 odd\"><td class=\"column-1\" style=\"font-size: 14px;\">Virginia Birlanga<\/td><td class=\"column-1\" style=\"font-size: 14px;\">Estudiante de Biotecnolog\u00eda<\/td><td class=\"column-1\" style=\"font-size: 14px;\">2012<span style=\"color: #ffffff;\">.<\/span>-<span style=\"color: #ffffff;\">.<\/span>14<\/td><td class=\"column-1\" style=\"font-size: 14px;\">Fenotipado de flores y ra\u00edces adventicias en clavel<\/td><\/tr><tr class=\"row-3 even\"><td class=\"column-1\" style=\"font-size: 14px;\">Jessica Sousa-Barros<\/td><td class=\"column-1\" style=\"font-size: 14px;\">Estudiante de Ingenier\u00eda Agron\u00f3mica<\/td><td class=\"column-1\" style=\"font-size: 14px;\">2013<\/td><td class=\"column-1\" style=\"font-size: 14px;\">Gen\u00e9tica hormonal de la formaci\u00f3n de ra\u00edces adventicias<\/td><\/tr><tr class=\"row-3 odd\"><td class=\"column-1\" style=\"font-size: 14px;\">Borja Chac\u00f3n<\/td><td class=\"column-1\" style=\"font-size: 14px;\">Estudiante de M\u00e1ster<\/td><td class=\"column-1\" style=\"font-size: 14px;\">2012<span style=\"color: #ffffff;\">.<\/span>-<span style=\"color: #ffffff;\">.<\/span>13<\/td><td class=\"column-1\" style=\"font-size: 14px;\">Fenotipado de flores en clavel<\/td><\/tr><tr class=\"row-3 even\"><td class=\"column-1\" style=\"font-size: 14px;\">Carlos Villacorta<\/td><td class=\"column-1\" style=\"font-size: 14px;\">Investigador visitante<\/td><td class=\"column-1\" style=\"font-size: 14px;\">2012<\/td><td class=\"column-1\" style=\"font-size: 14px;\">Estructura gen\u00e9tica del germoplasma de clavel comercial<\/td><\/tr><tr class=\"row-3 odd\"><td class=\"column-1\" style=\"font-size: 14px;\">Roberto Ballester<\/td><td class=\"column-1\" style=\"font-size: 14px;\">Estudiante de Biotecnolog\u00eda<\/td><td class=\"column-1\" style=\"font-size: 14px;\">2011<span style=\"color: #ffffff;\">.<\/span>-<span style=\"color: #ffffff;\">.<\/span>12<\/td><td class=\"column-1\" style=\"font-size: 14px;\">Fenotipado de flores en clavel<\/td><\/tr><tr class=\"row-3 even\"><td class=\"column-1\" style=\"font-size: 14px;\">M\u00aa \u00c1ngeles Agull\u00f3 Ant\u00f3n<\/td><td class=\"column-1\" style=\"font-size: 14px;\">Investigadora visitante<\/td><td class=\"column-1\" style=\"font-size: 14px;\">2011<span style=\"color: #ffffff;\">.<\/span>-<span style=\"color: #ffffff;\">.<\/span>12<\/td><td class=\"column-1\" style=\"font-size: 14px;\">Caracterizaci\u00f3n hormonal de la formaci\u00f3n de ra\u00edces adventicias en clavel<\/td><\/tr><\/tbody><\/table><p>[\/et_pb_text][\/et_pb_column][\/et_pb_row][\/et_pb_section]<\/p>","_et_gb_content_width":"","_links_to":"","_links_to_target":""},"_links":{"self":[{"href":"https:\/\/arolabumh.umh.es\/en\/wp-json\/wp\/v2\/pages\/3274"}],"collection":[{"href":"https:\/\/arolabumh.umh.es\/en\/wp-json\/wp\/v2\/pages"}],"about":[{"href":"https:\/\/arolabumh.umh.es\/en\/wp-json\/wp\/v2\/types\/page"}],"author":[{"embeddable":true,"href":"https:\/\/arolabumh.umh.es\/en\/wp-json\/wp\/v2\/users\/23459"}],"replies":[{"embeddable":true,"href":"https:\/\/arolabumh.umh.es\/en\/wp-json\/wp\/v2\/comments?post=3274"}],"version-history":[{"count":0,"href":"https:\/\/arolabumh.umh.es\/en\/wp-json\/wp\/v2\/pages\/3274\/revisions"}],"wp:attachment":[{"href":"https:\/\/arolabumh.umh.es\/en\/wp-json\/wp\/v2\/media?parent=3274"}],"curies":[{"name":"wp","href":"https:\/\/api.w.org\/{rel}","templated":true}]}}